{"id":58966,"date":"2021-04-29T18:04:36","date_gmt":"2021-04-29T18:04:36","guid":{"rendered":"https:\/\/www.ceespv.org\/password-reset\/"},"modified":"2022-03-09T17:34:52","modified_gmt":"2022-03-09T17:34:52","slug":"berrezarri-pasahitza","status":"publish","type":"page","link":"https:\/\/www.ceespv.org\/eu\/berrezarri-pasahitza\/","title":{"rendered":"Berrezarri pasahitza"},"content":{"rendered":"<div class=\"um um-password um-um_password_id\">\n\t<div class=\"um-form\">\n\t\t<form method=\"post\" action=\"\">\n\t\t\t\n\t\t\t\t<input type=\"hidden\" name=\"_um_password_reset\" id=\"_um_password_reset\" value=\"1\" \/>\n\n\t\t\t\t\t\t\t\t\t<div class=\"um-field um-field-block um-field-type_block\">\n\t\t\t\t\t\t<div class=\"um-field-block\">\n\t\t\t\t\t\t\t<div style=\"text-align:center;\">\n\t\t\t\t\t\t\t\tPara restablecer tu contrase\u00f1a, por favor, introduce a continuaci\u00f3n tu direcci\u00f3n de correo electr\u00f3nico o nombre de usuario.\t\t\t\t\t\t\t<\/div>\n\t\t\t\t\t\t<\/div>\n\t\t\t\t\t<\/div>\n\t\t\t\t\t<div  id=\"um_field_0_username_b\" class=\"um-field um-field-text  um-field-username_b um-field-text um-field-type_text\" data-key=\"username_b\"><div class=\"um-field-area\"><input  autocomplete=\"off\" class=\"um-form-field valid \" type=\"text\" name=\"username_b\" id=\"username_b\" value=\"\" placeholder=\"Enter your username or email\" data-validate=\"\" data-key=\"username_b\"  aria-invalid=\"false\" \/>\n\n\t\t\t\t\t\t<\/div><\/div>\t\t\t\t<div class=\"um-col-alt um-col-alt-b\">\n\t\t\t\t\t<div class=\"um-center\">\n\t\t\t\t\t\t<input type=\"submit\" value=\"Reset password\" class=\"um-button\" id=\"um-submit-btn\" \/>\n\t\t\t\t\t<\/div>\n\t\t\t\t\t<div class=\"um-clear\"><\/div>\n\t\t\t\t<\/div>\n\t\t\t\t\t<input type=\"hidden\" name=\"form_id\" id=\"form_id_um_password_id\" value=\"um_password_id\" \/>\n\t\t<p class=\"um_request_name\">\n\t\t<label for=\"um_request_um_password_id\">Only fill in if you are not human<\/label>\n\t\t<input type=\"hidden\" name=\"um_request\" id=\"um_request_um_password_id\" class=\"input\" value=\"\" size=\"25\" autocomplete=\"off\" \/>\n\t<\/p>\n\t\t\t<\/form>\n\t<\/div>\n<\/div>\n<style>\n\t\t\t.um-um_password_id.um {\n\t\t\tmax-width: 450px;\n\t\t}\n\t\t<\/style>\n\n\n\n<p><\/p>\n","protected":false},"excerpt":{"rendered":"<p>Para restablecer tu contrase\u00f1a, por favor, introduce a continuaci\u00f3n tu direcci\u00f3n de correo electr\u00f3nico o nombre de usuario. Only fill in if you are not human<\/p>\n","protected":false},"author":1,"featured_media":0,"parent":0,"menu_order":0,"comment_status":"closed","ping_status":"closed","template":"","meta":{"_monsterinsights_skip_tracking":false,"_monsterinsights_sitenote_active":false,"_monsterinsights_sitenote_note":"","_monsterinsights_sitenote_category":0,"footnotes":""},"class_list":["post-58966","page","type-page","status-publish","hentry","description-off"],"yoast_head":"<!-- This site is optimized with the Yoast SEO plugin v27.5 - https:\/\/yoast.com\/product\/yoast-seo-wordpress\/ -->\n<title>Berrezarri pasahitza - CEESPV-GHEE<\/title>\n<meta name=\"robots\" content=\"noindex, nofollow\" \/>\n<meta property=\"og:locale\" content=\"eu_ES\" \/>\n<meta property=\"og:type\" content=\"article\" \/>\n<meta property=\"og:title\" content=\"Berrezarri pasahitza - CEESPV-GHEE\" \/>\n<meta property=\"og:url\" content=\"https:\/\/www.ceespv.org\/eu\/berrezarri-pasahitza\/\" \/>\n<meta property=\"og:site_name\" content=\"CEESPV-GHEE\" \/>\n<meta property=\"article:publisher\" content=\"https:\/\/www.facebook.com\/CEESPV\" \/>\n<meta property=\"article:modified_time\" content=\"2022-03-09T17:34:52+00:00\" \/>\n<meta name=\"twitter:card\" content=\"summary_large_image\" \/>\n<meta name=\"twitter:site\" content=\"@CEESPV\" \/>\n<meta name=\"twitter:label1\" content=\"Est. reading time\" \/>\n\t<meta name=\"twitter:data1\" content=\"1 minute\" \/>\n<script type=\"application\/ld+json\" class=\"yoast-schema-graph\">{\"@context\":\"https:\\\/\\\/schema.org\",\"@graph\":[{\"@type\":\"WebPage\",\"@id\":\"https:\\\/\\\/www.ceespv.org\\\/eu\\\/berrezarri-pasahitza\\\/\",\"url\":\"https:\\\/\\\/www.ceespv.org\\\/eu\\\/berrezarri-pasahitza\\\/\",\"name\":\"Berrezarri pasahitza - CEESPV-GHEE\",\"isPartOf\":{\"@id\":\"https:\\\/\\\/www.ceespv.org\\\/eu\\\/#website\"},\"datePublished\":\"2021-04-29T18:04:36+00:00\",\"dateModified\":\"2022-03-09T17:34:52+00:00\",\"breadcrumb\":{\"@id\":\"https:\\\/\\\/www.ceespv.org\\\/eu\\\/berrezarri-pasahitza\\\/#breadcrumb\"},\"inLanguage\":\"eu-ES\",\"potentialAction\":[{\"@type\":\"ReadAction\",\"target\":[\"https:\\\/\\\/www.ceespv.org\\\/eu\\\/berrezarri-pasahitza\\\/\"]}]},{\"@type\":\"BreadcrumbList\",\"@id\":\"https:\\\/\\\/www.ceespv.org\\\/eu\\\/berrezarri-pasahitza\\\/#breadcrumb\",\"itemListElement\":[{\"@type\":\"ListItem\",\"position\":1,\"name\":\"Portada\",\"item\":\"https:\\\/\\\/www.ceespv.org\\\/eu\\\/portada\\\/\"},{\"@type\":\"ListItem\",\"position\":2,\"name\":\"Berrezarri pasahitza\"}]},{\"@type\":\"WebSite\",\"@id\":\"https:\\\/\\\/www.ceespv.org\\\/eu\\\/#website\",\"url\":\"https:\\\/\\\/www.ceespv.org\\\/eu\\\/\",\"name\":\"CEESPV-GHEE\",\"description\":\"Colegio de Educadoras y Educadores Sociales del Pa\u00eds Vasco\",\"publisher\":{\"@id\":\"https:\\\/\\\/www.ceespv.org\\\/eu\\\/#organization\"},\"potentialAction\":[{\"@type\":\"SearchAction\",\"target\":{\"@type\":\"EntryPoint\",\"urlTemplate\":\"https:\\\/\\\/www.ceespv.org\\\/eu\\\/?s={search_term_string}\"},\"query-input\":{\"@type\":\"PropertyValueSpecification\",\"valueRequired\":true,\"valueName\":\"search_term_string\"}}],\"inLanguage\":\"eu-ES\"},{\"@type\":\"Organization\",\"@id\":\"https:\\\/\\\/www.ceespv.org\\\/eu\\\/#organization\",\"name\":\"GHEE-CEESPV\",\"url\":\"https:\\\/\\\/www.ceespv.org\\\/eu\\\/\",\"logo\":{\"@type\":\"ImageObject\",\"inLanguage\":\"eu-ES\",\"@id\":\"https:\\\/\\\/www.ceespv.org\\\/eu\\\/#\\\/schema\\\/logo\\\/image\\\/\",\"url\":\"https:\\\/\\\/www.ceespv.org\\\/wp-content\\\/uploads\\\/2021\\\/04\\\/logo_ceespv-ghee.png\",\"contentUrl\":\"https:\\\/\\\/www.ceespv.org\\\/wp-content\\\/uploads\\\/2021\\\/04\\\/logo_ceespv-ghee.png\",\"width\":522,\"height\":160,\"caption\":\"GHEE-CEESPV\"},\"image\":{\"@id\":\"https:\\\/\\\/www.ceespv.org\\\/eu\\\/#\\\/schema\\\/logo\\\/image\\\/\"},\"sameAs\":[\"https:\\\/\\\/www.facebook.com\\\/CEESPV\",\"https:\\\/\\\/x.com\\\/CEESPV\",\"https:\\\/\\\/www.instagram.com\\\/ghee_ceespv\\\/\",\"https:\\\/\\\/www.youtube.com\\\/channel\\\/UCPdxK0kwNNyzQio_KmAygaA\"]}]}<\/script>\n<!-- \/ Yoast SEO plugin. -->","yoast_head_json":{"title":"Berrezarri pasahitza - CEESPV-GHEE","robots":{"index":"noindex","follow":"nofollow"},"og_locale":"eu_ES","og_type":"article","og_title":"Berrezarri pasahitza - CEESPV-GHEE","og_url":"https:\/\/www.ceespv.org\/eu\/berrezarri-pasahitza\/","og_site_name":"CEESPV-GHEE","article_publisher":"https:\/\/www.facebook.com\/CEESPV","article_modified_time":"2022-03-09T17:34:52+00:00","twitter_card":"summary_large_image","twitter_site":"@CEESPV","twitter_misc":{"Est. reading time":"1 minute"},"schema":{"@context":"https:\/\/schema.org","@graph":[{"@type":"WebPage","@id":"https:\/\/www.ceespv.org\/eu\/berrezarri-pasahitza\/","url":"https:\/\/www.ceespv.org\/eu\/berrezarri-pasahitza\/","name":"Berrezarri pasahitza - CEESPV-GHEE","isPartOf":{"@id":"https:\/\/www.ceespv.org\/eu\/#website"},"datePublished":"2021-04-29T18:04:36+00:00","dateModified":"2022-03-09T17:34:52+00:00","breadcrumb":{"@id":"https:\/\/www.ceespv.org\/eu\/berrezarri-pasahitza\/#breadcrumb"},"inLanguage":"eu-ES","potentialAction":[{"@type":"ReadAction","target":["https:\/\/www.ceespv.org\/eu\/berrezarri-pasahitza\/"]}]},{"@type":"BreadcrumbList","@id":"https:\/\/www.ceespv.org\/eu\/berrezarri-pasahitza\/#breadcrumb","itemListElement":[{"@type":"ListItem","position":1,"name":"Portada","item":"https:\/\/www.ceespv.org\/eu\/portada\/"},{"@type":"ListItem","position":2,"name":"Berrezarri pasahitza"}]},{"@type":"WebSite","@id":"https:\/\/www.ceespv.org\/eu\/#website","url":"https:\/\/www.ceespv.org\/eu\/","name":"CEESPV-GHEE","description":"Colegio de Educadoras y Educadores Sociales del Pa\u00eds Vasco","publisher":{"@id":"https:\/\/www.ceespv.org\/eu\/#organization"},"potentialAction":[{"@type":"SearchAction","target":{"@type":"EntryPoint","urlTemplate":"https:\/\/www.ceespv.org\/eu\/?s={search_term_string}"},"query-input":{"@type":"PropertyValueSpecification","valueRequired":true,"valueName":"search_term_string"}}],"inLanguage":"eu-ES"},{"@type":"Organization","@id":"https:\/\/www.ceespv.org\/eu\/#organization","name":"GHEE-CEESPV","url":"https:\/\/www.ceespv.org\/eu\/","logo":{"@type":"ImageObject","inLanguage":"eu-ES","@id":"https:\/\/www.ceespv.org\/eu\/#\/schema\/logo\/image\/","url":"https:\/\/www.ceespv.org\/wp-content\/uploads\/2021\/04\/logo_ceespv-ghee.png","contentUrl":"https:\/\/www.ceespv.org\/wp-content\/uploads\/2021\/04\/logo_ceespv-ghee.png","width":522,"height":160,"caption":"GHEE-CEESPV"},"image":{"@id":"https:\/\/www.ceespv.org\/eu\/#\/schema\/logo\/image\/"},"sameAs":["https:\/\/www.facebook.com\/CEESPV","https:\/\/x.com\/CEESPV","https:\/\/www.instagram.com\/ghee_ceespv\/","https:\/\/www.youtube.com\/channel\/UCPdxK0kwNNyzQio_KmAygaA"]}]}},"publishpress_future_workflow_manual_trigger":{"enabledWorkflows":[]},"post_mailing_queue_ids":[],"_links":{"self":[{"href":"https:\/\/www.ceespv.org\/eu\/wp-json\/wp\/v2\/pages\/58966","targetHints":{"allow":["GET"]}}],"collection":[{"href":"https:\/\/www.ceespv.org\/eu\/wp-json\/wp\/v2\/pages"}],"about":[{"href":"https:\/\/www.ceespv.org\/eu\/wp-json\/wp\/v2\/types\/page"}],"author":[{"embeddable":true,"href":"https:\/\/www.ceespv.org\/eu\/wp-json\/wp\/v2\/users\/1"}],"replies":[{"embeddable":true,"href":"https:\/\/www.ceespv.org\/eu\/wp-json\/wp\/v2\/comments?post=58966"}],"version-history":[{"count":1,"href":"https:\/\/www.ceespv.org\/eu\/wp-json\/wp\/v2\/pages\/58966\/revisions"}],"predecessor-version":[{"id":59348,"href":"https:\/\/www.ceespv.org\/eu\/wp-json\/wp\/v2\/pages\/58966\/revisions\/59348"}],"wp:attachment":[{"href":"https:\/\/www.ceespv.org\/eu\/wp-json\/wp\/v2\/media?parent=58966"}],"curies":[{"name":"wp","href":"https:\/\/api.w.org\/{rel}","templated":true}]}}