{"id":58889,"date":"2021-11-10T10:00:29","date_gmt":"2021-11-10T10:00:29","guid":{"rendered":"https:\/\/www.ceespv.org\/multimedia\/"},"modified":"2022-02-22T18:52:54","modified_gmt":"2022-02-22T18:52:54","slug":"multimedia","status":"publish","type":"page","link":"https:\/\/www.ceespv.org\/eu\/multimedia\/","title":{"rendered":"MULTIMEDIA"},"content":{"rendered":"<div class=\"wpb-content-wrapper\"><p>[vc_row][vc_column width=&#8221;1\/4&#8243; css=&#8221;.vc_custom_1639591652502{background-color: #e5e5e5 !important;}&#8221;]<div id=\"ultimate-heading-127969f9d639472a8\" class=\"uvc-heading ult-adjust-bottom-margin ultimate-heading-127969f9d639472a8 uvc-2726  uvc-heading-default-font-sizes\" data-hspacer=\"no_spacer\"  data-halign=\"center\" style=\"text-align:center\"><div class=\"uvc-heading-spacer no_spacer\" style=\"top\"><\/div><\/div>[vc_column_text]<iframe loading=\"lazy\" style=\"border: 1px solid #FFFFFF;\" src=\"https:\/\/www.ivoox.com\/player_es_podcast_1035411_zp_1.html\" width=\"100%\" height=\"400\" frameborder=\"0\" scrolling=\"no\" allowfullscreen=\"allowfullscreen\"><\/iframe>[\/vc_column_text][\/vc_column][vc_column width=&#8221;3\/4&#8243;]<div id=\"ultimate-heading-317469f9d63947308\" class=\"uvc-heading ult-adjust-bottom-margin ultimate-heading-317469f9d63947308 uvc-8375  uvc-heading-default-font-sizes\" data-hspacer=\"no_spacer\"  data-halign=\"center\" style=\"text-align:center\"><div class=\"uvc-heading-spacer no_spacer\" style=\"top\"><\/div><\/div>[vc_column_text]<div class=\"epyt-gallery\" data-currpage=\"1\" id=\"epyt_gallery_56206\"><figure class=\"wp-block-embed wp-block-embed-youtube is-type-video is-provider-youtube epyt-figure\"><div class=\"wp-block-embed__wrapper\"><div class=\"epyt-video-wrapper\"><iframe loading=\"lazy\"  id=\"_ytid_42633\"  width=\"1200\" height=\"675\"  data-origwidth=\"1200\" data-origheight=\"675\" src=\"https:\/\/www.youtube.com\/embed\/i906ZLmT5zA?enablejsapi=1&autoplay=0&cc_load_policy=0&cc_lang_pref=&iv_load_policy=1&loop=0&rel=1&fs=1&playsinline=0&autohide=2&theme=dark&color=red&controls=1&disablekb=0&\" class=\"__youtube_prefs__  no-lazyload\" title=\"YouTube player\"  data-epytgalleryid=\"epyt_gallery_56206\"  allow=\"fullscreen; accelerometer; autoplay; clipboard-write; encrypted-media; gyroscope; picture-in-picture; web-share\" referrerpolicy=\"strict-origin-when-cross-origin\" allowfullscreen data-no-lazy=\"1\" data-skipgform_ajax_framebjll=\"\"><\/iframe><\/div><\/div><\/figure><div class=\"epyt-gallery-list\"><div class=\"epyt-pagination \"><div tabindex=\"0\" role=\"button\" class=\"epyt-pagebutton epyt-prev  hide \" data-playlistid=\"UUPdxK0kwNNyzQio_KmAygaA\" data-pagesize=\"12\" data-pagetoken=\"\" data-epcolumns=\"3\" data-showtitle=\"1\" data-showpaging=\"1\" data-autonext=\"0\" data-thumbplay=\"1\"><div class=\"epyt-arrow\">&laquo;<\/div> <div>Anterior<\/div><\/div><div class=\"epyt-pagenumbers \"><div class=\"epyt-current\">1<\/div><div class=\"epyt-pageseparator\"> \/ <\/div><div class=\"epyt-totalpages\">5<\/div><\/div><div tabindex=\"0\" role=\"button\" class=\"epyt-pagebutton epyt-next\" data-playlistid=\"UUPdxK0kwNNyzQio_KmAygaA\" data-pagesize=\"12\" data-pagetoken=\"EAAaHlBUOkNBd2lFRFU1UkVRME56WTBRelV3TWpreU9USQ\" data-epcolumns=\"3\" data-showtitle=\"1\" data-showpaging=\"1\" data-autonext=\"0\" data-thumbplay=\"1\"><div>Siguiente<\/div> <div class=\"epyt-arrow\">&raquo;<\/div><\/div><div class=\"epyt-loader\"><img loading=\"lazy\" decoding=\"async\" alt=\"loading\" width=\"16\" height=\"11\" src=\"https:\/\/www.ceespv.org\/wp-content\/plugins\/youtube-embed-plus\/images\/gallery-page-loader.gif\"><\/div><\/div><div class=\"epyt-gallery-allthumbs  epyt-cols-3 \"><div tabindex=\"0\" role=\"button\" data-videoid=\"i906ZLmT5zA\" class=\"epyt-gallery-thumb\"><div class=\"epyt-gallery-img-box\"><div class=\"epyt-gallery-img\" style=\"background-image: url(https:\/\/i.ytimg.com\/vi\/i906ZLmT5zA\/hqdefault.jpg)\"><div class=\"epyt-gallery-playhover\"><img loading=\"lazy\" decoding=\"async\" alt=\"play\" class=\"epyt-play-img\" width=\"30\" height=\"23\" src=\"https:\/\/www.ceespv.org\/wp-content\/plugins\/youtube-embed-plus\/images\/playhover.png\" data-no-lazy=\"1\" data-skipgform_ajax_framebjll=\"\" \/><div class=\"epyt-gallery-playcrutch\"><\/div><\/div><\/div><\/div><div class=\"epyt-gallery-title\">Entrevista EITB<\/div><\/div><div tabindex=\"0\" role=\"button\" data-videoid=\"ncLggHDhrjM\" class=\"epyt-gallery-thumb\"><div class=\"epyt-gallery-img-box\"><div class=\"epyt-gallery-img\" style=\"background-image: url(https:\/\/i.ytimg.com\/vi\/ncLggHDhrjM\/hqdefault.jpg)\"><div class=\"epyt-gallery-playhover\"><img loading=\"lazy\" decoding=\"async\" alt=\"play\" class=\"epyt-play-img\" width=\"30\" height=\"23\" src=\"https:\/\/www.ceespv.org\/wp-content\/plugins\/youtube-embed-plus\/images\/playhover.png\" data-no-lazy=\"1\" data-skipgform_ajax_framebjll=\"\" \/><div class=\"epyt-gallery-playcrutch\"><\/div><\/div><\/div><\/div><div class=\"epyt-gallery-title\">2023ko Gizarte Hezkuntzaren Eguna Donostian<\/div><\/div><div tabindex=\"0\" role=\"button\" data-videoid=\"EWT52z0cLqI\" class=\"epyt-gallery-thumb\"><div class=\"epyt-gallery-img-box\"><div class=\"epyt-gallery-img\" style=\"background-image: url(https:\/\/i.ytimg.com\/vi\/EWT52z0cLqI\/hqdefault.jpg)\"><div class=\"epyt-gallery-playhover\"><img loading=\"lazy\" decoding=\"async\" alt=\"play\" class=\"epyt-play-img\" width=\"30\" height=\"23\" src=\"https:\/\/www.ceespv.org\/wp-content\/plugins\/youtube-embed-plus\/images\/playhover.png\" data-no-lazy=\"1\" data-skipgform_ajax_framebjll=\"\" \/><div class=\"epyt-gallery-playcrutch\"><\/div><\/div><\/div><\/div><div class=\"epyt-gallery-title\">G\u00c9NERO, SALUD MENTAL, ADICCIONES Y VIOLENCIAS MACHISTAS<\/div><\/div><div class=\"epyt-gallery-rowbreak\"><\/div><div tabindex=\"0\" role=\"button\" data-videoid=\"TBByrRWJ4Dw\" class=\"epyt-gallery-thumb\"><div class=\"epyt-gallery-img-box\"><div class=\"epyt-gallery-img\" style=\"background-image: url(https:\/\/i.ytimg.com\/vi\/TBByrRWJ4Dw\/hqdefault.jpg)\"><div class=\"epyt-gallery-playhover\"><img loading=\"lazy\" decoding=\"async\" alt=\"play\" class=\"epyt-play-img\" width=\"30\" height=\"23\" src=\"https:\/\/www.ceespv.org\/wp-content\/plugins\/youtube-embed-plus\/images\/playhover.png\" data-no-lazy=\"1\" data-skipgform_ajax_framebjll=\"\" \/><div class=\"epyt-gallery-playcrutch\"><\/div><\/div><\/div><\/div><div class=\"epyt-gallery-title\">Mesa inicial D\u00eda Internacional de la Educaci\u00f3n Social Gipuzkoa 2023<\/div><\/div><div tabindex=\"0\" role=\"button\" data-videoid=\"iHpd2bPB1Jw\" class=\"epyt-gallery-thumb\"><div class=\"epyt-gallery-img-box\"><div class=\"epyt-gallery-img\" style=\"background-image: url(https:\/\/i.ytimg.com\/vi\/iHpd2bPB1Jw\/hqdefault.jpg)\"><div class=\"epyt-gallery-playhover\"><img loading=\"lazy\" decoding=\"async\" alt=\"play\" class=\"epyt-play-img\" width=\"30\" height=\"23\" src=\"https:\/\/www.ceespv.org\/wp-content\/plugins\/youtube-embed-plus\/images\/playhover.png\" data-no-lazy=\"1\" data-skipgform_ajax_framebjll=\"\" \/><div class=\"epyt-gallery-playcrutch\"><\/div><\/div><\/div><\/div><div class=\"epyt-gallery-title\">La exclusion Social de las mujeres y las violencias machistas<\/div><\/div><div tabindex=\"0\" role=\"button\" data-videoid=\"lzTI5UpBe2U\" class=\"epyt-gallery-thumb\"><div class=\"epyt-gallery-img-box\"><div class=\"epyt-gallery-img\" style=\"background-image: url(https:\/\/i.ytimg.com\/vi\/lzTI5UpBe2U\/hqdefault.jpg)\"><div class=\"epyt-gallery-playhover\"><img loading=\"lazy\" decoding=\"async\" alt=\"play\" class=\"epyt-play-img\" width=\"30\" height=\"23\" src=\"https:\/\/www.ceespv.org\/wp-content\/plugins\/youtube-embed-plus\/images\/playhover.png\" data-no-lazy=\"1\" data-skipgform_ajax_framebjll=\"\" \/><div class=\"epyt-gallery-playcrutch\"><\/div><\/div><\/div><\/div><div class=\"epyt-gallery-title\">Servicios CEESPV-GHEEko zerbitzuak<\/div><\/div><div class=\"epyt-gallery-rowbreak\"><\/div><div tabindex=\"0\" role=\"button\" data-videoid=\"JDCQvjB4BLM\" class=\"epyt-gallery-thumb\"><div class=\"epyt-gallery-img-box\"><div class=\"epyt-gallery-img\" style=\"background-image: url(https:\/\/i.ytimg.com\/vi\/JDCQvjB4BLM\/hqdefault.jpg)\"><div class=\"epyt-gallery-playhover\"><img loading=\"lazy\" decoding=\"async\" alt=\"play\" class=\"epyt-play-img\" width=\"30\" height=\"23\" src=\"https:\/\/www.ceespv.org\/wp-content\/plugins\/youtube-embed-plus\/images\/playhover.png\" data-no-lazy=\"1\" data-skipgform_ajax_framebjll=\"\" \/><div class=\"epyt-gallery-playcrutch\"><\/div><\/div><\/div><\/div><div class=\"epyt-gallery-title\">El CEESPV no es su Junta sino sus personas Colegiadas-GHEE ez da bere batzarra, elkargokideak baizik<\/div><\/div><div tabindex=\"0\" role=\"button\" data-videoid=\"930Kw5UfTGw\" class=\"epyt-gallery-thumb\"><div class=\"epyt-gallery-img-box\"><div class=\"epyt-gallery-img\" style=\"background-image: url(https:\/\/i.ytimg.com\/vi\/930Kw5UfTGw\/hqdefault.jpg)\"><div class=\"epyt-gallery-playhover\"><img loading=\"lazy\" decoding=\"async\" alt=\"play\" class=\"epyt-play-img\" width=\"30\" height=\"23\" src=\"https:\/\/www.ceespv.org\/wp-content\/plugins\/youtube-embed-plus\/images\/playhover.png\" data-no-lazy=\"1\" data-skipgform_ajax_framebjll=\"\" \/><div class=\"epyt-gallery-playcrutch\"><\/div><\/div><\/div><\/div><div class=\"epyt-gallery-title\">\u00bfAlguna vez pensaste...?- Inoiz pentsatu duzu?<\/div><\/div><div tabindex=\"0\" role=\"button\" data-videoid=\"2JCvw9Gu8_I\" class=\"epyt-gallery-thumb\"><div class=\"epyt-gallery-img-box\"><div class=\"epyt-gallery-img\" style=\"background-image: url(https:\/\/i.ytimg.com\/vi\/2JCvw9Gu8_I\/hqdefault.jpg)\"><div class=\"epyt-gallery-playhover\"><img loading=\"lazy\" decoding=\"async\" alt=\"play\" class=\"epyt-play-img\" width=\"30\" height=\"23\" src=\"https:\/\/www.ceespv.org\/wp-content\/plugins\/youtube-embed-plus\/images\/playhover.png\" data-no-lazy=\"1\" data-skipgform_ajax_framebjll=\"\" \/><div class=\"epyt-gallery-playcrutch\"><\/div><\/div><\/div><\/div><div class=\"epyt-gallery-title\">Igande honetan, botoa emateko eskubidea erabiliz, herrialde hobea izaten lagunduko dugu.<\/div><\/div><div class=\"epyt-gallery-rowbreak\"><\/div><div tabindex=\"0\" role=\"button\" data-videoid=\"KWJ4FWKCjlU\" class=\"epyt-gallery-thumb\"><div class=\"epyt-gallery-img-box\"><div class=\"epyt-gallery-img\" style=\"background-image: url(https:\/\/i.ytimg.com\/vi\/KWJ4FWKCjlU\/hqdefault.jpg)\"><div class=\"epyt-gallery-playhover\"><img loading=\"lazy\" decoding=\"async\" alt=\"play\" class=\"epyt-play-img\" width=\"30\" height=\"23\" src=\"https:\/\/www.ceespv.org\/wp-content\/plugins\/youtube-embed-plus\/images\/playhover.png\" data-no-lazy=\"1\" data-skipgform_ajax_framebjll=\"\" \/><div class=\"epyt-gallery-playcrutch\"><\/div><\/div><\/div><\/div><div class=\"epyt-gallery-title\">Si no hay participaci\u00f3n en el Colegio, significa que la profesi\u00f3n va hacia atr\u00e1s.<\/div><\/div><div tabindex=\"0\" role=\"button\" data-videoid=\"hfd6wv9dLjc\" class=\"epyt-gallery-thumb\"><div class=\"epyt-gallery-img-box\"><div class=\"epyt-gallery-img\" style=\"background-image: url(https:\/\/i.ytimg.com\/vi\/hfd6wv9dLjc\/hqdefault.jpg)\"><div class=\"epyt-gallery-playhover\"><img loading=\"lazy\" decoding=\"async\" alt=\"play\" class=\"epyt-play-img\" width=\"30\" height=\"23\" src=\"https:\/\/www.ceespv.org\/wp-content\/plugins\/youtube-embed-plus\/images\/playhover.png\" data-no-lazy=\"1\" data-skipgform_ajax_framebjll=\"\" \/><div class=\"epyt-gallery-playcrutch\"><\/div><\/div><\/div><\/div><div class=\"epyt-gallery-title\">\u00bfQuienes van a dar el paso adelante?- Nortzuk emango dute aurrerapausua?<\/div><\/div><div tabindex=\"0\" role=\"button\" data-videoid=\"ICjr507-boE\" class=\"epyt-gallery-thumb\"><div class=\"epyt-gallery-img-box\"><div class=\"epyt-gallery-img\" style=\"background-image: url(https:\/\/i.ytimg.com\/vi\/ICjr507-boE\/hqdefault.jpg)\"><div class=\"epyt-gallery-playhover\"><img loading=\"lazy\" decoding=\"async\" alt=\"play\" class=\"epyt-play-img\" width=\"30\" height=\"23\" src=\"https:\/\/www.ceespv.org\/wp-content\/plugins\/youtube-embed-plus\/images\/playhover.png\" data-no-lazy=\"1\" data-skipgform_ajax_framebjll=\"\" \/><div class=\"epyt-gallery-playcrutch\"><\/div><\/div><\/div><\/div><div class=\"epyt-gallery-title\">Promoci\u00f3n Candidatura Junta de Gobierno<\/div><\/div><div class=\"epyt-gallery-rowbreak\"><\/div><div class=\"epyt-gallery-clear\"><\/div><\/div><div class=\"epyt-pagination \"><div tabindex=\"0\" role=\"button\" class=\"epyt-pagebutton epyt-prev  hide \" data-playlistid=\"UUPdxK0kwNNyzQio_KmAygaA\" data-pagesize=\"12\" data-pagetoken=\"\" data-epcolumns=\"3\" data-showtitle=\"1\" data-showpaging=\"1\" data-autonext=\"0\" data-thumbplay=\"1\"><div class=\"epyt-arrow\">&laquo;<\/div> <div>Anterior<\/div><\/div><div class=\"epyt-pagenumbers \"><div class=\"epyt-current\">1<\/div><div class=\"epyt-pageseparator\"> \/ <\/div><div class=\"epyt-totalpages\">5<\/div><\/div><div tabindex=\"0\" role=\"button\" class=\"epyt-pagebutton epyt-next\" data-playlistid=\"UUPdxK0kwNNyzQio_KmAygaA\" data-pagesize=\"12\" data-pagetoken=\"EAAaHlBUOkNBd2lFRFU1UkVRME56WTBRelV3TWpreU9USQ\" data-epcolumns=\"3\" data-showtitle=\"1\" data-showpaging=\"1\" data-autonext=\"0\" data-thumbplay=\"1\"><div>Siguiente<\/div> <div class=\"epyt-arrow\">&raquo;<\/div><\/div><div class=\"epyt-loader\"><img loading=\"lazy\" decoding=\"async\" alt=\"loading\" width=\"16\" height=\"11\" src=\"https:\/\/www.ceespv.org\/wp-content\/plugins\/youtube-embed-plus\/images\/gallery-page-loader.gif\"><\/div><\/div><\/div><\/div>\n<p>&nbsp;<\/p>\n<p>[\/vc_column_text][\/vc_column][\/vc_row][vc_row][vc_column][\/vc_column][\/vc_row]<\/p>\n<\/div>","protected":false},"excerpt":{"rendered":"<p>[vc_row][vc_column width=&#8221;1\/4&#8243; css=&#8221;.vc_custom_1639591652502{background-color: #e5e5e5 !important;}&#8221;][vc_column_text][\/vc_column_text][\/vc_column][vc_column width=&#8221;3\/4&#8243;][vc_column_text] &nbsp; [\/vc_column_text][\/vc_column][\/vc_row][vc_row][vc_column][\/vc_column][\/vc_row]<\/p>\n","protected":false},"author":1,"featured_media":0,"parent":0,"menu_order":0,"comment_status":"closed","ping_status":"closed","template":"","meta":{"_monsterinsights_skip_tracking":false,"_monsterinsights_sitenote_active":false,"_monsterinsights_sitenote_note":"","_monsterinsights_sitenote_category":0,"footnotes":""},"class_list":["post-58889","page","type-page","status-publish","hentry","description-off"],"yoast_head":"<!-- This site is optimized with the Yoast SEO plugin v27.5 - https:\/\/yoast.com\/product\/yoast-seo-wordpress\/ -->\n<title>MULTIMEDIA - CEESPV-GHEE<\/title>\n<meta name=\"robots\" content=\"index, follow, max-snippet:-1, max-image-preview:large, max-video-preview:-1\" \/>\n<link rel=\"canonical\" href=\"https:\/\/www.ceespv.org\/eu\/multimedia\/\" \/>\n<meta property=\"og:locale\" content=\"eu_ES\" \/>\n<meta property=\"og:type\" content=\"article\" \/>\n<meta property=\"og:title\" content=\"MULTIMEDIA - CEESPV-GHEE\" \/>\n<meta property=\"og:description\" content=\"[vc_row][vc_column width=&#8221;1\/4&#8243; css=&#8221;.vc_custom_1639591652502{background-color: #e5e5e5 !important;}&#8221;][vc_column_text][\/vc_column_text][\/vc_column][vc_column width=&#8221;3\/4&#8243;][vc_column_text] &nbsp; [\/vc_column_text][\/vc_column][\/vc_row][vc_row][vc_column][\/vc_column][\/vc_row]\" \/>\n<meta property=\"og:url\" content=\"https:\/\/www.ceespv.org\/eu\/multimedia\/\" \/>\n<meta property=\"og:site_name\" content=\"CEESPV-GHEE\" \/>\n<meta property=\"article:publisher\" content=\"https:\/\/www.facebook.com\/CEESPV\" \/>\n<meta property=\"article:modified_time\" content=\"2022-02-22T18:52:54+00:00\" \/>\n<meta name=\"twitter:card\" content=\"summary_large_image\" \/>\n<meta name=\"twitter:site\" content=\"@CEESPV\" \/>\n<script type=\"application\/ld+json\" class=\"yoast-schema-graph\">{\"@context\":\"https:\\\/\\\/schema.org\",\"@graph\":[{\"@type\":\"WebPage\",\"@id\":\"https:\\\/\\\/www.ceespv.org\\\/eu\\\/multimedia\\\/\",\"url\":\"https:\\\/\\\/www.ceespv.org\\\/eu\\\/multimedia\\\/\",\"name\":\"MULTIMEDIA - CEESPV-GHEE\",\"isPartOf\":{\"@id\":\"https:\\\/\\\/www.ceespv.org\\\/eu\\\/#website\"},\"datePublished\":\"2021-11-10T10:00:29+00:00\",\"dateModified\":\"2022-02-22T18:52:54+00:00\",\"breadcrumb\":{\"@id\":\"https:\\\/\\\/www.ceespv.org\\\/eu\\\/multimedia\\\/#breadcrumb\"},\"inLanguage\":\"eu-ES\",\"potentialAction\":[{\"@type\":\"ReadAction\",\"target\":[\"https:\\\/\\\/www.ceespv.org\\\/eu\\\/multimedia\\\/\"]}]},{\"@type\":\"BreadcrumbList\",\"@id\":\"https:\\\/\\\/www.ceespv.org\\\/eu\\\/multimedia\\\/#breadcrumb\",\"itemListElement\":[{\"@type\":\"ListItem\",\"position\":1,\"name\":\"Portada\",\"item\":\"https:\\\/\\\/www.ceespv.org\\\/eu\\\/portada\\\/\"},{\"@type\":\"ListItem\",\"position\":2,\"name\":\"MULTIMEDIA\"}]},{\"@type\":\"WebSite\",\"@id\":\"https:\\\/\\\/www.ceespv.org\\\/eu\\\/#website\",\"url\":\"https:\\\/\\\/www.ceespv.org\\\/eu\\\/\",\"name\":\"CEESPV-GHEE\",\"description\":\"Colegio de Educadoras y Educadores Sociales del Pa\u00eds Vasco\",\"publisher\":{\"@id\":\"https:\\\/\\\/www.ceespv.org\\\/eu\\\/#organization\"},\"potentialAction\":[{\"@type\":\"SearchAction\",\"target\":{\"@type\":\"EntryPoint\",\"urlTemplate\":\"https:\\\/\\\/www.ceespv.org\\\/eu\\\/?s={search_term_string}\"},\"query-input\":{\"@type\":\"PropertyValueSpecification\",\"valueRequired\":true,\"valueName\":\"search_term_string\"}}],\"inLanguage\":\"eu-ES\"},{\"@type\":\"Organization\",\"@id\":\"https:\\\/\\\/www.ceespv.org\\\/eu\\\/#organization\",\"name\":\"GHEE-CEESPV\",\"url\":\"https:\\\/\\\/www.ceespv.org\\\/eu\\\/\",\"logo\":{\"@type\":\"ImageObject\",\"inLanguage\":\"eu-ES\",\"@id\":\"https:\\\/\\\/www.ceespv.org\\\/eu\\\/#\\\/schema\\\/logo\\\/image\\\/\",\"url\":\"https:\\\/\\\/www.ceespv.org\\\/wp-content\\\/uploads\\\/2021\\\/04\\\/logo_ceespv-ghee.png\",\"contentUrl\":\"https:\\\/\\\/www.ceespv.org\\\/wp-content\\\/uploads\\\/2021\\\/04\\\/logo_ceespv-ghee.png\",\"width\":522,\"height\":160,\"caption\":\"GHEE-CEESPV\"},\"image\":{\"@id\":\"https:\\\/\\\/www.ceespv.org\\\/eu\\\/#\\\/schema\\\/logo\\\/image\\\/\"},\"sameAs\":[\"https:\\\/\\\/www.facebook.com\\\/CEESPV\",\"https:\\\/\\\/x.com\\\/CEESPV\",\"https:\\\/\\\/www.instagram.com\\\/ghee_ceespv\\\/\",\"https:\\\/\\\/www.youtube.com\\\/channel\\\/UCPdxK0kwNNyzQio_KmAygaA\"]}]}<\/script>\n<!-- \/ Yoast SEO plugin. -->","yoast_head_json":{"title":"MULTIMEDIA - CEESPV-GHEE","robots":{"index":"index","follow":"follow","max-snippet":"max-snippet:-1","max-image-preview":"max-image-preview:large","max-video-preview":"max-video-preview:-1"},"canonical":"https:\/\/www.ceespv.org\/eu\/multimedia\/","og_locale":"eu_ES","og_type":"article","og_title":"MULTIMEDIA - CEESPV-GHEE","og_description":"[vc_row][vc_column width=&#8221;1\/4&#8243; css=&#8221;.vc_custom_1639591652502{background-color: #e5e5e5 !important;}&#8221;][vc_column_text][\/vc_column_text][\/vc_column][vc_column width=&#8221;3\/4&#8243;][vc_column_text] &nbsp; [\/vc_column_text][\/vc_column][\/vc_row][vc_row][vc_column][\/vc_column][\/vc_row]","og_url":"https:\/\/www.ceespv.org\/eu\/multimedia\/","og_site_name":"CEESPV-GHEE","article_publisher":"https:\/\/www.facebook.com\/CEESPV","article_modified_time":"2022-02-22T18:52:54+00:00","twitter_card":"summary_large_image","twitter_site":"@CEESPV","schema":{"@context":"https:\/\/schema.org","@graph":[{"@type":"WebPage","@id":"https:\/\/www.ceespv.org\/eu\/multimedia\/","url":"https:\/\/www.ceespv.org\/eu\/multimedia\/","name":"MULTIMEDIA - CEESPV-GHEE","isPartOf":{"@id":"https:\/\/www.ceespv.org\/eu\/#website"},"datePublished":"2021-11-10T10:00:29+00:00","dateModified":"2022-02-22T18:52:54+00:00","breadcrumb":{"@id":"https:\/\/www.ceespv.org\/eu\/multimedia\/#breadcrumb"},"inLanguage":"eu-ES","potentialAction":[{"@type":"ReadAction","target":["https:\/\/www.ceespv.org\/eu\/multimedia\/"]}]},{"@type":"BreadcrumbList","@id":"https:\/\/www.ceespv.org\/eu\/multimedia\/#breadcrumb","itemListElement":[{"@type":"ListItem","position":1,"name":"Portada","item":"https:\/\/www.ceespv.org\/eu\/portada\/"},{"@type":"ListItem","position":2,"name":"MULTIMEDIA"}]},{"@type":"WebSite","@id":"https:\/\/www.ceespv.org\/eu\/#website","url":"https:\/\/www.ceespv.org\/eu\/","name":"CEESPV-GHEE","description":"Colegio de Educadoras y Educadores Sociales del Pa\u00eds Vasco","publisher":{"@id":"https:\/\/www.ceespv.org\/eu\/#organization"},"potentialAction":[{"@type":"SearchAction","target":{"@type":"EntryPoint","urlTemplate":"https:\/\/www.ceespv.org\/eu\/?s={search_term_string}"},"query-input":{"@type":"PropertyValueSpecification","valueRequired":true,"valueName":"search_term_string"}}],"inLanguage":"eu-ES"},{"@type":"Organization","@id":"https:\/\/www.ceespv.org\/eu\/#organization","name":"GHEE-CEESPV","url":"https:\/\/www.ceespv.org\/eu\/","logo":{"@type":"ImageObject","inLanguage":"eu-ES","@id":"https:\/\/www.ceespv.org\/eu\/#\/schema\/logo\/image\/","url":"https:\/\/www.ceespv.org\/wp-content\/uploads\/2021\/04\/logo_ceespv-ghee.png","contentUrl":"https:\/\/www.ceespv.org\/wp-content\/uploads\/2021\/04\/logo_ceespv-ghee.png","width":522,"height":160,"caption":"GHEE-CEESPV"},"image":{"@id":"https:\/\/www.ceespv.org\/eu\/#\/schema\/logo\/image\/"},"sameAs":["https:\/\/www.facebook.com\/CEESPV","https:\/\/x.com\/CEESPV","https:\/\/www.instagram.com\/ghee_ceespv\/","https:\/\/www.youtube.com\/channel\/UCPdxK0kwNNyzQio_KmAygaA"]}]}},"publishpress_future_workflow_manual_trigger":{"enabledWorkflows":[]},"post_mailing_queue_ids":[],"_links":{"self":[{"href":"https:\/\/www.ceespv.org\/eu\/wp-json\/wp\/v2\/pages\/58889","targetHints":{"allow":["GET"]}}],"collection":[{"href":"https:\/\/www.ceespv.org\/eu\/wp-json\/wp\/v2\/pages"}],"about":[{"href":"https:\/\/www.ceespv.org\/eu\/wp-json\/wp\/v2\/types\/page"}],"author":[{"embeddable":true,"href":"https:\/\/www.ceespv.org\/eu\/wp-json\/wp\/v2\/users\/1"}],"replies":[{"embeddable":true,"href":"https:\/\/www.ceespv.org\/eu\/wp-json\/wp\/v2\/comments?post=58889"}],"version-history":[{"count":0,"href":"https:\/\/www.ceespv.org\/eu\/wp-json\/wp\/v2\/pages\/58889\/revisions"}],"wp:attachment":[{"href":"https:\/\/www.ceespv.org\/eu\/wp-json\/wp\/v2\/media?parent=58889"}],"curies":[{"name":"wp","href":"https:\/\/api.w.org\/{rel}","templated":true}]}}